{"id":78,"date":"2022-10-17T07:03:13","date_gmt":"2022-10-17T07:03:13","guid":{"rendered":"https:\/\/medicaoaxaca.com\/index.php\/home\/"},"modified":"2024-08-16T21:25:22","modified_gmt":"2024-08-17T03:25:22","slug":"home","status":"publish","type":"page","link":"https:\/\/medicaoaxaca.com\/","title":{"rendered":"Inicio"},"content":{"rendered":"\n<div class=\"wp-block-uagb-container uagb-block-9cab4059 alignfull uagb-is-root-container\">\n<div class=\"wp-block-uagb-advanced-heading uagb-block-b507e592\"><h1 class=\"uagb-heading-text\">m\u00e9dica oaxaca\u200b<\/h1><\/div>\n\n\n\n<div class=\"wp-block-uagb-info-box uagb-block-62d52194 uagb-infobox__content-wrap  uagb-infobox-icon-above-title uagb-infobox-image-valign-top\"><div class=\"uagb-ifb-content\"><div class=\"uagb-ifb-title-wrap\"><h2 class=\"uagb-ifb-title\"><strong>ULTRASONIDOS MULTIMARCA<\/strong><\/h2><\/div><div class=\"uagb-ifb-button-wrapper wp-block-button\"><a href=\"https:\/\/medicaoaxaca.com\/docs\/CatalogoMedicaOaxaca.pdf\" class=\"uagb-infobox-cta-link wp-block-button__link\" target=\"_blank\" rel=\"noopener noreferrer\" onclick=\"return true;\"><span class=\"uagb-inline-editing\">CAT\u00c1LOGO <\/span><\/a><\/div><\/div><\/div>\n<\/div>\n\n\n\n<div class=\"wp-block-uagb-container uagb-block-e69f85ea alignfull uagb-is-root-container\"><div class=\"uagb-container-inner-blocks-wrap\">\n<div class=\"wp-block-uagb-container uagb-block-7bd7c335\"><\/div>\n<\/div><\/div>\n\n\n\n<div class=\"wp-block-uagb-container uagb-block-98918e50 alignfull uagb-is-root-container\"><div class=\"uagb-container-inner-blocks-wrap\">\n<div class=\"wp-block-uagb-container uagb-block-585ad84b\">\n<div class=\"wp-block-uagb-info-box uagb-block-52fc32fa uagb-infobox__content-wrap  uagb-infobox_cta-type-all uagb-infobox-icon-above-title uagb-infobox-image-valign-top\"><a href=\"https:\/\/medicaoaxaca.com\/docs\/DC30.pdf\" class=\"uagb-infobox-link-wrap uagb-infbox__link-to-all\" target=\"_blank\" aria-label=\"Infobox Link\" rel=\"noopener noreferrer\" onclick=\"return true;\"><\/a><div class=\"uagb-ifb-content\"><div class=\"uagb-ifb-image-content\"><img decoding=\"async\" src=\"https:\/\/medicaoaxaca.com\/wp-content\/uploads\/2023\/05\/dc30fhd.jpg\" alt=\"\" width=\"100\" height=\"129\" loading=\"lazy\"\/><\/div><div class=\"uagb-ifb-title-wrap\"><h4 class=\"uagb-ifb-title\">DC-30 FHD<\/h4><\/div><p class=\"uagb-ifb-desc\">Sistema de diagn\u00f3stico Full HD que satisface las exigencias de los que se dedican a mejorar servicios de atenci\u00f3n primaria.<\/p><div class=\"uagb-ifb-button-wrapper wp-block-button\"><\/div><\/div><\/div>\n<\/div>\n\n\n\n<div class=\"wp-block-uagb-container uagb-block-0ee47a31\">\n<div class=\"wp-block-uagb-info-box uagb-block-3c880bda uagb-infobox__content-wrap  uagb-infobox_cta-type-all uagb-infobox-icon-above-title uagb-infobox-image-valign-top\"><a href=\"https:\/\/medicaoaxaca.com\/docs\/DC40.pdf\" class=\"uagb-infobox-link-wrap uagb-infbox__link-to-all\" target=\"_blank\" aria-label=\"Infobox Link\" rel=\"noopener noreferrer\" onclick=\"return true;\"><\/a><div class=\"uagb-ifb-content\"><div class=\"uagb-ifb-image-content\"><img decoding=\"async\" src=\"https:\/\/medicaoaxaca.com\/wp-content\/uploads\/2023\/05\/dc40fhd.jpg\" alt=\"\" width=\"100\" height=\"129\" loading=\"lazy\"\/><\/div><div class=\"uagb-ifb-title-wrap\"><h4 class=\"uagb-ifb-title\">DC-40 FHD<\/h4><\/div><p class=\"uagb-ifb-desc\">Ultrasonido Full HD ideal para sus requisitos cl\u00ednicos, ofrece prestaciones en definici\u00f3n de imagen superior y dise\u00f1o ergon\u00f3mico.<\/p><div class=\"uagb-ifb-button-wrapper wp-block-button\"><\/div><\/div><\/div>\n<\/div>\n\n\n\n<div class=\"wp-block-uagb-container uagb-block-fa43e409\">\n<div class=\"wp-block-columns is-layout-flex wp-container-core-columns-is-layout-1 wp-block-columns-is-layout-flex\">\n<div class=\"wp-block-column is-layout-flow wp-block-column-is-layout-flow\" style=\"flex-basis:100%\">\n<div class=\"wp-block-uagb-info-box uagb-block-ed81f817 uagb-infobox__content-wrap  uagb-infobox_cta-type-all uagb-infobox-icon-above-title uagb-infobox-image-valign-top\"><a href=\"https:\/\/medicaoaxaca.com\/docs\/DC70.pdf\" class=\"uagb-infobox-link-wrap uagb-infbox__link-to-all\" target=\"_blank\" aria-label=\"Infobox Link\" rel=\"noopener noreferrer\" onclick=\"return true;\"><\/a><div class=\"uagb-ifb-content\"><div class=\"uagb-ifb-image-content\"><img decoding=\"async\" src=\"https:\/\/medicaoaxaca.com\/wp-content\/uploads\/2023\/05\/dc70.jpg\" alt=\"\" width=\"100\" height=\"129\" loading=\"lazy\"\/><\/div><div class=\"uagb-ifb-title-wrap\"><h4 class=\"uagb-ifb-title\">DC-70 X-Insight<\/h4><\/div><p class=\"uagb-ifb-desc\">Sistema de ultrasonido diagn\u00f3stico para sus necesidades cl\u00ednicas con tecnolog\u00eda X-Insight  (soluci\u00f3n inteligente de diagn\u00f3stico).<\/p><div class=\"uagb-ifb-button-wrapper wp-block-button\"><\/div><\/div><\/div>\n<\/div>\n<\/div>\n<\/div>\n<\/div><\/div>\n\n\n\n<div class=\"wp-block-uagb-container uagb-block-83a92573 alignfull uagb-is-root-container\"><div class=\"uagb-container-inner-blocks-wrap\">\n<div class=\"wp-block-uagb-container uagb-block-e1fe58c3\">\n<div class=\"wp-block-uagb-info-box uagb-block-b314ee98 uagb-infobox__content-wrap  uagb-infobox_cta-type-all uagb-infobox-icon-above-title uagb-infobox-image-valign-top\"><a href=\"https:\/\/medicaoaxaca.com\/docs\/Z5.pdf\" class=\"uagb-infobox-link-wrap uagb-infbox__link-to-all\" target=\"_blank\" aria-label=\"Infobox Link\" rel=\"noopener noreferrer\" onclick=\"return true;\"><\/a><div class=\"uagb-ifb-content\"><div class=\"uagb-ifb-image-content\"><img decoding=\"async\" src=\"https:\/\/medicaoaxaca.com\/wp-content\/uploads\/2023\/05\/z5.jpg\" alt=\"\" width=\"100\" height=\"129\" loading=\"lazy\"\/><\/div><div class=\"uagb-ifb-title-wrap\"><h4 class=\"uagb-ifb-title\">Ultrasonido Port\u00e1til Z5<\/h4><\/div><p class=\"uagb-ifb-desc\">Ecograf\u00eda port\u00e1til equipado con la combinaci\u00f3n ideal de alto rendimiento y gran funcionalidad. No hay limitaciones para el Z5.<\/p><div class=\"uagb-ifb-button-wrapper wp-block-button\"><\/div><\/div><\/div>\n<\/div>\n\n\n\n<div class=\"wp-block-uagb-container uagb-block-14c41e14\">\n<div class=\"wp-block-uagb-info-box uagb-block-8fbc1241 uagb-infobox__content-wrap  uagb-infobox_cta-type-all uagb-infobox-icon-above-title uagb-infobox-image-valign-top\"><a href=\"https:\/\/medicaoaxaca.com\/docs\/Z6.pdf\" class=\"uagb-infobox-link-wrap uagb-infbox__link-to-all\" target=\"_blank\" aria-label=\"Infobox Link\" rel=\"noopener noreferrer\" onclick=\"return true;\"><\/a><div class=\"uagb-ifb-content\"><div class=\"uagb-ifb-image-content\"><img decoding=\"async\" src=\"https:\/\/medicaoaxaca.com\/wp-content\/uploads\/2023\/05\/z6.jpg\" alt=\"\" width=\"100\" height=\"129\" loading=\"lazy\"\/><\/div><div class=\"uagb-ifb-title-wrap\"><h4 class=\"uagb-ifb-title\">Ultrasonido Port\u00e1til Z6<\/h4><\/div><p class=\"uagb-ifb-desc\">Sistema port\u00e1til que ofrece alta sensibilidad doppler en tus manos, ofrece im\u00e1genes arm\u00f3nicas puras y de alta calidad.<\/p><div class=\"uagb-ifb-button-wrapper wp-block-button\"><\/div><\/div><\/div>\n<\/div>\n\n\n\n<div class=\"wp-block-uagb-container uagb-block-c586d913\">\n<div class=\"wp-block-columns is-layout-flex wp-container-core-columns-is-layout-2 wp-block-columns-is-layout-flex\">\n<div class=\"wp-block-column is-layout-flow wp-block-column-is-layout-flow\" style=\"flex-basis:100%\">\n<div class=\"wp-block-uagb-info-box uagb-block-ea4945cd uagb-infobox__content-wrap  uagb-infobox_cta-type-all uagb-infobox-icon-above-title uagb-infobox-image-valign-top\"><a href=\"https:\/\/medicaoaxaca.com\/docs\/DP10vet.pdf\" class=\"uagb-infobox-link-wrap uagb-infbox__link-to-all\" target=\"_blank\" aria-label=\"Infobox Link\" rel=\"noopener noreferrer\" onclick=\"return true;\"><\/a><div class=\"uagb-ifb-content\"><div class=\"uagb-ifb-image-content\"><img decoding=\"async\" src=\"https:\/\/medicaoaxaca.com\/wp-content\/uploads\/2023\/05\/dp10.jpg\" alt=\"\" width=\"100\" height=\"129\" loading=\"lazy\"\/><\/div><div class=\"uagb-ifb-title-wrap\"><h4 class=\"uagb-ifb-title\">Sistema Veterinario DP-10<\/h4><\/div><p class=\"uagb-ifb-desc\">Diagn\u00f3sticos confiables que combinan rendimiento y un dise\u00f1o ergon\u00f3mico. Alta calidad en las im\u00e1genes para diagn\u00f3stico veterinario.<\/p><div class=\"uagb-ifb-button-wrapper wp-block-button\"><\/div><\/div><\/div>\n<\/div>\n<\/div>\n<\/div>\n<\/div><\/div>\n\n\n\n<div class=\"wp-block-uagb-container uagb-block-84f6445d alignfull uagb-is-root-container\"><div class=\"uagb-container-inner-blocks-wrap\">\n<div class=\"wp-block-uagb-container uagb-block-bb261d50\">\n<div class=\"wp-block-uagb-info-box uagb-block-59fb8b16 uagb-infobox__content-wrap  uagb-infobox_cta-type-all uagb-infobox-icon-above-title uagb-infobox-image-valign-top\"><a href=\"https:\/\/medicaoaxaca.com\/docs\/ConsonaN6.pdf\" class=\"uagb-infobox-link-wrap uagb-infbox__link-to-all\" target=\"_blank\" aria-label=\"Infobox Link\" rel=\"noopener noreferrer\" onclick=\"return true;\"><\/a><div class=\"uagb-ifb-content\"><div class=\"uagb-ifb-image-content\"><img decoding=\"async\" src=\"https:\/\/medicaoaxaca.com\/wp-content\/uploads\/2024\/08\/n6.png\" alt=\"\" width=\"100\" height=\"129\" loading=\"lazy\"\/><\/div><div class=\"uagb-ifb-title-wrap\"><h3 class=\"uagb-ifb-title\">Consona N6<\/h3><\/div><p class=\"uagb-ifb-desc\">Sistema de ultrasonido para diagn\u00f3stico con alta evoluci\u00f3n en calidad de imagen y con mejoras ininterrumpidas.<\/p><div class=\"uagb-ifb-button-wrapper wp-block-button\"><\/div><\/div><\/div>\n<\/div>\n\n\n\n<div class=\"wp-block-uagb-container uagb-block-c12db4cc\">\n<div class=\"wp-block-uagb-info-box uagb-block-bfa06267 uagb-infobox__content-wrap  uagb-infobox_cta-type-all uagb-infobox-icon-above-title uagb-infobox-image-valign-top\"><a href=\"https:\/\/medicaoaxaca.com\/docs\/RESONAi9.pdf\" class=\"uagb-infobox-link-wrap uagb-infbox__link-to-all\" target=\"_blank\" aria-label=\"Infobox Link\" rel=\"noopener noreferrer\" onclick=\"return true;\"><\/a><div class=\"uagb-ifb-content\"><div class=\"uagb-ifb-image-content\"><img decoding=\"async\" src=\"https:\/\/medicaoaxaca.com\/wp-content\/uploads\/2023\/05\/resonai9.jpg\" alt=\"\" width=\"100\" height=\"129\" loading=\"lazy\"\/><\/div><div class=\"uagb-ifb-title-wrap\"><h3 class=\"uagb-ifb-title\">Ec\u00f3grafo Resona i9<\/h3><\/div><p class=\"uagb-ifb-desc\">Sistema de ecograf\u00eda de aplicaci\u00f3n general con caracter\u00edsticas notablemente innovadoras para proporcionar respuestas precisas y oportunas.<\/p><div class=\"uagb-ifb-button-wrapper wp-block-button\"><\/div><\/div><\/div>\n<\/div>\n\n\n\n<div class=\"wp-block-uagb-container uagb-block-f10d4afe\">\n<div class=\"wp-block-uagb-info-box uagb-block-0fae2f66 uagb-infobox__content-wrap  uagb-infobox_cta-type-all uagb-infobox-icon-above-title uagb-infobox-image-valign-top\"><a href=\"https:\/\/medicaoaxaca.com\/docs\/ConsonaN7.pdf\" class=\"uagb-infobox-link-wrap uagb-infbox__link-to-all\" target=\"_blank\" aria-label=\"Infobox Link\" rel=\"noopener noreferrer\" onclick=\"return true;\"><\/a><div class=\"uagb-ifb-content\"><div class=\"uagb-ifb-image-content\"><img decoding=\"async\" src=\"https:\/\/medicaoaxaca.com\/wp-content\/uploads\/2024\/08\/2.png\" alt=\"\" width=\"100\" height=\"129\" loading=\"lazy\"\/><\/div><div class=\"uagb-ifb-title-wrap\"><h3 class=\"uagb-ifb-title\">Consona N7<\/h3><\/div><p class=\"uagb-ifb-desc\">Soluci\u00f3n integral de salud para mujeres, con una tecnolog\u00eda obst\u00e9trica inteligente basada en Smart Scene 3D.<\/p><div class=\"uagb-ifb-button-wrapper wp-block-button\"><\/div><\/div><\/div>\n<\/div>\n<\/div><\/div>\n\n\n\n<div class=\"wp-block-uagb-container uagb-block-22c2f62b alignfull uagb-is-root-container\"><div class=\"uagb-container-inner-blocks-wrap\">\n<div class=\"wp-block-uagb-container uagb-block-e063158f\"><\/div>\n\n\n\n<div class=\"wp-block-uagb-container uagb-block-430aab49\">\n<div class=\"wp-block-uagb-info-box uagb-block-498b6484 uagb-infobox__content-wrap  uagb-infobox_cta-type-all uagb-infobox-icon-above-title uagb-infobox-image-valign-top\"><a href=\"https:\/\/medicaoaxaca.com\/docs\/ConsonaN9.pdf\" class=\"uagb-infobox-link-wrap uagb-infbox__link-to-all\" target=\"_blank\" aria-label=\"Infobox Link\" rel=\"noopener noreferrer\" onclick=\"return true;\"><\/a><div class=\"uagb-ifb-content\"><div class=\"uagb-ifb-image-content\"><img decoding=\"async\" src=\"https:\/\/medicaoaxaca.com\/wp-content\/uploads\/2024\/08\/3.png\" alt=\"\" width=\"100\" height=\"129\" loading=\"lazy\"\/><\/div><div class=\"uagb-ifb-title-wrap\"><h3 class=\"uagb-ifb-title\">Consona N9<\/h3><\/div><p class=\"uagb-ifb-desc\">Soluci\u00f3n cl\u00ednica completa, dise\u00f1ado para ofrecer un valor m\u00e1s sustancial en cada escenario de aplicaci\u00f3n espec\u00edfico.<\/p><div class=\"uagb-ifb-button-wrapper wp-block-button\"><\/div><\/div><\/div>\n<\/div>\n\n\n\n<div class=\"wp-block-uagb-container uagb-block-3b2e801f\"><\/div>\n<\/div><\/div>\n","protected":false},"excerpt":{"rendered":"<p>m\u00e9dica oaxaca\u200b<\/p>\n","protected":false},"author":1,"featured_media":0,"parent":0,"menu_order":0,"comment_status":"closed","ping_status":"closed","template":"","meta":{"_uag_custom_page_level_css":"","site-sidebar-layout":"default","site-content-layout":"page-builder","ast-global-header-display":"","ast-banner-title-visibility":"","ast-main-header-display":"","ast-hfb-above-header-display":"","ast-hfb-below-header-display":"","ast-hfb-mobile-header-display":"","site-post-title":"disabled","ast-breadcrumbs-content":"","ast-featured-img":"","footer-sml-layout":"","theme-transparent-header-meta":"disabled","adv-header-id-meta":"","stick-header-meta":"","header-above-stick-meta":"","header-main-stick-meta":"","header-below-stick-meta":"","footnotes":""},"uagb_featured_image_src":{"full":false,"thumbnail":false,"medium":false,"medium_large":false,"large":false,"1536x1536":false,"2048x2048":false},"uagb_author_info":{"display_name":"albantechoax","author_link":"https:\/\/medicaoaxaca.com\/index.php\/author\/albantechoax\/"},"uagb_comment_info":0,"uagb_excerpt":"m\u00e9dica oaxaca\u200b","_links":{"self":[{"href":"https:\/\/medicaoaxaca.com\/index.php\/wp-json\/wp\/v2\/pages\/78"}],"collection":[{"href":"https:\/\/medicaoaxaca.com\/index.php\/wp-json\/wp\/v2\/pages"}],"about":[{"href":"https:\/\/medicaoaxaca.com\/index.php\/wp-json\/wp\/v2\/types\/page"}],"author":[{"embeddable":true,"href":"https:\/\/medicaoaxaca.com\/index.php\/wp-json\/wp\/v2\/users\/1"}],"replies":[{"embeddable":true,"href":"https:\/\/medicaoaxaca.com\/index.php\/wp-json\/wp\/v2\/comments?post=78"}],"version-history":[{"count":38,"href":"https:\/\/medicaoaxaca.com\/index.php\/wp-json\/wp\/v2\/pages\/78\/revisions"}],"predecessor-version":[{"id":983,"href":"https:\/\/medicaoaxaca.com\/index.php\/wp-json\/wp\/v2\/pages\/78\/revisions\/983"}],"wp:attachment":[{"href":"https:\/\/medicaoaxaca.com\/index.php\/wp-json\/wp\/v2\/media?parent=78"}],"curies":[{"name":"wp","href":"https:\/\/api.w.org\/{rel}","templated":true}]}}