{"id":951,"date":"2024-04-22T22:11:27","date_gmt":"2024-04-23T04:11:27","guid":{"rendered":"https:\/\/medicaoaxaca.com\/?page_id=951"},"modified":"2024-04-22T22:26:02","modified_gmt":"2024-04-23T04:26:02","slug":"filosofia-institucional","status":"publish","type":"page","link":"https:\/\/medicaoaxaca.com\/index.php\/filosofia-institucional\/","title":{"rendered":"Filosof\u00eda Institucional"},"content":{"rendered":"\n<div class=\"wp-block-uagb-info-box uagb-block-e5e7f7fd uagb-infobox__content-wrap  uagb-infobox-icon-above-title uagb-infobox-image-valign-top\"><div class=\"uagb-ifb-content\"><div class=\"uagb-ifb-icon-wrap\"><svg xmlns=\"https:\/\/www.w3.org\/2000\/svg\" viewBox=\"0 0 512 512\"><path d=\"M288 256C288 273.7 273.7 288 256 288C238.3 288 224 273.7 224 256C224 238.3 238.3 224 256 224C273.7 224 288 238.3 288 256zM112 256C112 176.5 176.5 112 256 112C335.5 112 400 176.5 400 256C400 335.5 335.5 400 256 400C176.5 400 112 335.5 112 256zM256 336C300.2 336 336 300.2 336 256C336 211.8 300.2 176 256 176C211.8 176 176 211.8 176 256C176 300.2 211.8 336 256 336zM512 256C512 397.4 397.4 512 256 512C114.6 512 0 397.4 0 256C0 114.6 114.6 0 256 0C397.4 0 512 114.6 512 256zM256 64C149.1 64 64 149.1 64 256C64 362 149.1 448 256 448C362 448 448 362 448 256C448 149.1 362 64 256 64z\"><\/path><\/svg><\/div><div class=\"uagb-ifb-title-wrap\"><h3 class=\"uagb-ifb-title\">Nuestra Misi\u00f3n<\/h3><\/div><p class=\"uagb-ifb-desc\">Somos una empresa Oaxaque\u00f1a encargada de la distribuci\u00f3n y promoci\u00f3n de tecnolog\u00edas avanzadas<br>e innovadoras que se adaptan a diversos escenarios cl\u00ednicos, con un servicio de calidad y especializado<br>que logre una atenci\u00f3n m\u00e9dica digna al alcance de todos. Promovemos la cultura de la prevenci\u00f3n y<br>cuidado de la salud por medio de diversos equipos de diagn\u00f3stico novedoso al alcance de todos los<br>profesionales de la salud.<\/p><\/div><\/div>\n\n\n\n<div class=\"wp-block-uagb-separator uagb-block-51aa6b71\"><div class=\"wp-block-uagb-separator__inner\" style=\"--my-background-image:\"><\/div><\/div>\n\n\n\n<div class=\"wp-block-uagb-info-box uagb-block-3431b9a9 uagb-infobox__content-wrap  uagb-infobox-icon-above-title uagb-infobox-image-valign-top\"><div class=\"uagb-ifb-content\"><div class=\"uagb-ifb-icon-wrap\"><svg xmlns=\"https:\/\/www.w3.org\/2000\/svg\" viewBox=\"0 0 576 512\"><path d=\"M279.6 160.4C282.4 160.1 285.2 160 288 160C341 160 384 202.1 384 256C384 309 341 352 288 352C234.1 352 192 309 192 256C192 253.2 192.1 250.4 192.4 247.6C201.7 252.1 212.5 256 224 256C259.3 256 288 227.3 288 192C288 180.5 284.1 169.7 279.6 160.4zM480.6 112.6C527.4 156 558.7 207.1 573.5 243.7C576.8 251.6 576.8 260.4 573.5 268.3C558.7 304 527.4 355.1 480.6 399.4C433.5 443.2 368.8 480 288 480C207.2 480 142.5 443.2 95.42 399.4C48.62 355.1 17.34 304 2.461 268.3C-.8205 260.4-.8205 251.6 2.461 243.7C17.34 207.1 48.62 156 95.42 112.6C142.5 68.84 207.2 32 288 32C368.8 32 433.5 68.84 480.6 112.6V112.6zM288 112C208.5 112 144 176.5 144 256C144 335.5 208.5 400 288 400C367.5 400 432 335.5 432 256C432 176.5 367.5 112 288 112z\"><\/path><\/svg><\/div><div class=\"uagb-ifb-title-wrap\"><h3 class=\"uagb-ifb-title\">Visi\u00f3n<\/h3><\/div><p class=\"uagb-ifb-desc\">Lograr que nuestros especialistas m\u00e9dicos tengan acceso a equipamiento \u00f3ptimo de diagn\u00f3stico en<br>las diversas regiones de cobertura y atenci\u00f3n de nuestra empresa siendo reconocida a nivel nacional<br>como la mejor opci\u00f3n de distribuci\u00f3n, suministro, capacitaci\u00f3n y servicios t\u00e9cnicos especializados en<br>equipamiento cl\u00ednico.<\/p><\/div><\/div>\n\n\n\n<div class=\"wp-block-uagb-separator uagb-block-d0146d8d\"><div class=\"wp-block-uagb-separator__inner\" style=\"--my-background-image:\"><\/div><\/div>\n\n\n\n<div class=\"wp-block-uagb-info-box uagb-block-7ebd3c1b uagb-infobox__content-wrap  uagb-infobox-icon-above-title uagb-infobox-image-valign-top\"><div class=\"uagb-ifb-content\"><div class=\"uagb-ifb-icon-wrap\"><svg xmlns=\"https:\/\/www.w3.org\/2000\/svg\" viewBox=\"0 0 512 512\"><path d=\"M349.3 47.38L367.9 116.1C374.6 142.1 393.2 162.3 417.6 171.2L475.8 192.4C497.5 200.3 512 221 512 244.2C512 261.8 503.6 278.4 489.4 288.8L406.9 348.1C393.3 358.9 385.7 374.1 386.7 391.8L389.8 442.4C392.1 480.1 362.2 511.9 324.4 511.9C308.8 511.9 293.8 506.4 281.1 496.4L236.1 458.2C221.1 444.7 200.9 437.3 180 437.3H171.6C165.1 437.3 160.4 437.8 154.8 438.9L87.81 451.9C63.82 456.6 39.53 445.5 27.41 424.3C17.39 406.7 17.39 385.2 27.41 367.7L55.11 319.2C60.99 308.9 64.09 297.3 64.09 285.4C64.09 272.3 60.33 259.6 53.27 248.6L8.796 179.4C-6.738 155.2-1.267 123.2 21.41 105.6C32.12 97.25 45.52 93.13 59.07 94.01L130.8 98.66C159.8 100.5 187.1 87.91 205.9 64.93L237.3 24.66C249.4 9.133 267.9 .0566 287.6 .0566C316.5 .0566 341.8 19.47 349.3 47.38V47.38z\"><\/path><\/svg><\/div><div class=\"uagb-ifb-title-wrap\"><h3 class=\"uagb-ifb-title\">Propuesta de valor<\/h3><\/div><p class=\"uagb-ifb-desc\">Porque respetamos el valor de cada vida y siempre la salud de las personas es primero nuestra<br>empresa logra que todos los profesionales de la salud puedan tener acceso a equipamiento cl\u00ednico<br>de diagn\u00f3stico sin procesos burocr\u00e1ticos sin importar las condiciones socioecon\u00f3micas y retos<br>orogr\u00e1ficos.<\/p><\/div><\/div>\n","protected":false},"excerpt":{"rendered":"","protected":false},"author":1,"featured_media":0,"parent":0,"menu_order":0,"comment_status":"closed","ping_status":"closed","template":"","meta":{"_uag_custom_page_level_css":"","site-sidebar-layout":"default","site-content-layout":"default","ast-global-header-display":"","ast-banner-title-visibility":"","ast-main-header-display":"","ast-hfb-above-header-display":"","ast-hfb-below-header-display":"","ast-hfb-mobile-header-display":"","site-post-title":"","ast-breadcrumbs-content":"","ast-featured-img":"","footer-sml-layout":"","theme-transparent-header-meta":"","adv-header-id-meta":"","stick-header-meta":"","header-above-stick-meta":"","header-main-stick-meta":"","header-below-stick-meta":"","footnotes":""},"uagb_featured_image_src":{"full":false,"thumbnail":false,"medium":false,"medium_large":false,"large":false,"1536x1536":false,"2048x2048":false},"uagb_author_info":{"display_name":"albantechoax","author_link":"https:\/\/medicaoaxaca.com\/index.php\/author\/albantechoax\/"},"uagb_comment_info":0,"uagb_excerpt":null,"_links":{"self":[{"href":"https:\/\/medicaoaxaca.com\/index.php\/wp-json\/wp\/v2\/pages\/951"}],"collection":[{"href":"https:\/\/medicaoaxaca.com\/index.php\/wp-json\/wp\/v2\/pages"}],"about":[{"href":"https:\/\/medicaoaxaca.com\/index.php\/wp-json\/wp\/v2\/types\/page"}],"author":[{"embeddable":true,"href":"https:\/\/medicaoaxaca.com\/index.php\/wp-json\/wp\/v2\/users\/1"}],"replies":[{"embeddable":true,"href":"https:\/\/medicaoaxaca.com\/index.php\/wp-json\/wp\/v2\/comments?post=951"}],"version-history":[{"count":5,"href":"https:\/\/medicaoaxaca.com\/index.php\/wp-json\/wp\/v2\/pages\/951\/revisions"}],"predecessor-version":[{"id":960,"href":"https:\/\/medicaoaxaca.com\/index.php\/wp-json\/wp\/v2\/pages\/951\/revisions\/960"}],"wp:attachment":[{"href":"https:\/\/medicaoaxaca.com\/index.php\/wp-json\/wp\/v2\/media?parent=951"}],"curies":[{"name":"wp","href":"https:\/\/api.w.org\/{rel}","templated":true}]}}